{"id":7442,"date":"2025-03-17T18:46:41","date_gmt":"2025-03-17T16:46:41","guid":{"rendered":"https:\/\/www.gasopas.ad\/?page_id=7442"},"modified":"2025-03-18T19:41:00","modified_gmt":"2025-03-18T17:41:00","slug":"termes-i-condicions-dus","status":"publish","type":"page","link":"https:\/\/www.gasopas.ad\/fr\/termes-i-condicions-dus\/","title":{"rendered":"Termes i condicions d&rsquo;\u00fas"},"content":{"rendered":"[vc_row type=\u00a0\u00bbin_container\u00a0\u00bb full_screen_row_position=\u00a0\u00bbmiddle\u00a0\u00bb column_margin=\u00a0\u00bbdefault\u00a0\u00bb column_direction=\u00a0\u00bbdefault\u00a0\u00bb column_direction_tablet=\u00a0\u00bbdefault\u00a0\u00bb column_direction_phone=\u00a0\u00bbdefault\u00a0\u00bb scene_position=\u00a0\u00bbcenter\u00a0\u00bb text_color=\u00a0\u00bbdark\u00a0\u00bb text_align=\u00a0\u00bbleft\u00a0\u00bb row_border_radius=\u00a0\u00bbnone\u00a0\u00bb row_border_radius_applies=\u00a0\u00bbbg\u00a0\u00bb overflow=\u00a0\u00bbvisible\u00a0\u00bb overlay_strength=\u00a0\u00bb0.3&Prime; gradient_direction=\u00a0\u00bbleft_to_right\u00a0\u00bb shape_divider_position=\u00a0\u00bbbottom\u00a0\u00bb bg_image_animation=\u00a0\u00bbnone\u00a0\u00bb][vc_column column_padding=\u00a0\u00bbno-extra-padding\u00a0\u00bb column_padding_tablet=\u00a0\u00bbinherit\u00a0\u00bb column_padding_phone=\u00a0\u00bbinherit\u00a0\u00bb column_padding_position=\u00a0\u00bball\u00a0\u00bb column_element_direction_desktop=\u00a0\u00bbdefault\u00a0\u00bb column_element_spacing=\u00a0\u00bbdefault\u00a0\u00bb desktop_text_alignment=\u00a0\u00bbdefault\u00a0\u00bb tablet_text_alignment=\u00a0\u00bbdefault\u00a0\u00bb phone_text_alignment=\u00a0\u00bbdefault\u00a0\u00bb background_color_opacity=\u00a0\u00bb1&Prime; background_hover_color_opacity=\u00a0\u00bb1&Prime; column_backdrop_filter=\u00a0\u00bbnone\u00a0\u00bb column_shadow=\u00a0\u00bbnone\u00a0\u00bb column_border_radius=\u00a0\u00bbnone\u00a0\u00bb column_link_target=\u00a0\u00bb_self\u00a0\u00bb column_position=\u00a0\u00bbdefault\u00a0\u00bb gradient_direction=\u00a0\u00bbleft_to_right\u00a0\u00bb overlay_strength=\u00a0\u00bb0.3&Prime; width=\u00a0\u00bb1\/1&Prime; tablet_width_inherit=\u00a0\u00bbdefault\u00a0\u00bb animation_type=\u00a0\u00bbdefault\u00a0\u00bb bg_image_animation=\u00a0\u00bbnone\u00a0\u00bb border_type=\u00a0\u00bbsimple\u00a0\u00bb column_border_width=\u00a0\u00bbnone\u00a0\u00bb column_border_style=\u00a0\u00bbsolid\u00a0\u00bb][vc_column_text css=\u00a0\u00bb\u00a0\u00bb text_direction=\u00a0\u00bbdefault\u00a0\u00bb]\n<ol>\n<li style=\"text-align: justify;\">Aquests Termes i Condicions d&rsquo;\u00das regulen les regles a qu\u00e8 se subjecta la utilitzaci\u00f3 de la GASOPAS FIDELITY (d&rsquo;ara endavant, l&rsquo;APP), que es pot descarregar des de Play Store de Google i\/o APP Store d&rsquo;Apple. La desc\u00e0rrega o utilitzaci\u00f3 de l&rsquo;APP atribueix la condici\u00f3 d&rsquo;usuari a qui ho faci i implica l&rsquo;acceptaci\u00f3 de totes les condicions incloses en aquest document i en la pol\u00edtica de privadesa i l&rsquo;av\u00eds legal. L&rsquo;Usuari hauria de llegir aquestes condicions cada vegada que utilitzi l&rsquo;APP, ja que podrien ser modificades d&rsquo;ara endavant.  <\/li>\n<\/ol>\n<ol style=\"text-align: justify;\" start=\"2\">\n<li>GASOPAS FIDELITY, \u00e9s una aplicaci\u00f3 per a la gesti\u00f3 d&rsquo;informaci\u00f3 sobre les nostres instal\u00b7lacions, per mostrar-vos informaci\u00f3 rellevant per a vost\u00e8 com les vostres targetes, cupons, compres o factures, a m\u00e9s de per establir comunicacions i per a la gesti\u00f3 del subministrament i pagament dels carburants que poden ser adquirits a les estacions de servei de GASOPAS,SA. i empreses associades. <\/li>\n<\/ol>\n<p style=\"text-align: justify;\">Aquestes Condicions d&rsquo;\u00fas (d&rsquo;ara endavant, les \u201cCondicions\u201d) contenen els termes i condicions que regulen l&rsquo;\u00fas de GASOPAS FIDELITY a trav\u00e9s del dispositiu Smartphone (d&rsquo;ara endavant, el \u201cDispositiu\u201d) i els que apliquen a la vostra condici\u00f3 d&rsquo;Usuari de GASOPAS FIDELITY.<\/p>\n<p style=\"text-align: justify;\">Llegiu atentament aquestes Condicions abans de comen\u00e7ar a utilitzar GASOPAS FIDELITY. En registrar-se a GASOPAS FIDELITY , instal\u00b7lant l&rsquo;aplicaci\u00f3, executant-la i introduint-hi les seves dades, declara con\u00e8ixer les presents Condicions i les accepta, quedant vinculat per aquestes i aix\u00f2 equivaldr\u00e0 amb car\u00e0cter general a la seva signatura manuscrita. En conseq\u00fc\u00e8ncia, si no esteu d&rsquo;acord amb el contingut \u00edntegre de les Condicions no us heu de registrar ni fer \u00fas de GASOPAS FIDELITY .  <\/p>\n<p style=\"text-align: justify;\">Aquestes Condicions, aix\u00ed com els serveis, les modalitats d&rsquo;acc\u00e9s, i en general, qualsevol element que integra GASOPAS FIDELITY, podr\u00e0 ser modificat en qualsevol moment i sense av\u00eds previ, i seran aplicables aquelles Condicions vigents en el moment d&rsquo;\u00fas de GASOPAS FIDELITY. Si alguna de les presents condicions fos declarada inv\u00e0lida, nul\u00b7la o per qualsevol causa inefica\u00e7, aquesta condici\u00f3 s&rsquo;entendr\u00e0 exclosa sense que aquesta declaraci\u00f3 pugui afectar la validesa ni l&rsquo;exigibilitat de la resta de condicions. <\/p>\n<ol style=\"text-align: justify;\" start=\"3\">\n<li>De la mateixa manera, alguns dels serveis oferts a trav\u00e9s de GASOPAS FIDELITY poden estar subjectes, a m\u00e9s de les condicions que es descriuen en aquest Av\u00eds Legal, a les pr\u00f2pies condicions particulars d&rsquo;\u00fas que, si s&rsquo;escau, tamb\u00e9 s\u00f3n aplicables. En conseq\u00fc\u00e8ncia, la navegaci\u00f3 de l&rsquo;Usuari per l\u2019aplicaci\u00f3 GASOPAS FIDELITY suposa, no nom\u00e9s l&rsquo;acceptaci\u00f3 del present Av\u00eds Legal, sin\u00f3 tamb\u00e9 la acceptaci\u00f3 plena d&rsquo;aquestes condicions particulars. <\/li>\n<\/ol>\n<ol style=\"text-align: justify;\" start=\"4\">\n<li>La informaci\u00f3 que l&rsquo;usuari ens pugui facilitar a trav\u00e9s del GASOPAS FIDELITY i\/o mitjan\u00e7ant qualsevol altre canal, haur\u00e0 de ser vera\u00e7, completa, precisa i actualitzada. A aquests efectes, l&rsquo;Usuari garanteix l&rsquo;autenticitat de totes aquelles dades que ens pugui comunicar, i \u00e9s l&rsquo;\u00fanic responsable de les manifestacions falses o inexactes que faci i dels perjudicis que hi pugui causar. De la mateixa manera, l&rsquo;usuari ser\u00e0 l&rsquo;\u00fanic responsable de les informacions que faciliti referents a terceres persones.  <\/li>\n<\/ol>\n<ol style=\"text-align: justify;\" start=\"5\">\n<li>L&rsquo;Usuari es compromet a mantenir la confidencialitat de les seves dades i credencials d&rsquo;acc\u00e9s a la seva \u00e0rea privada, aix\u00ed com de les activitats que s&rsquo;hi duguin a terme. En cas que qualsevol tercer faci un \u00fas il\u00b7leg\u00edtim o fraudulent del compte i\/o credencials de l&rsquo;Usuari, o que de qualsevol altra forma suposi un risc per a la seguretat, l&rsquo;Usuari haur\u00e0 de notificar-ho a GASOPAS,SA. de manera immediata perqu\u00e8 puguem adoptar les mesures necess\u00e0ries per prevenir i\/o mitigar els riscos associats.  <\/li>\n<\/ol>\n<ol style=\"text-align: justify;\" start=\"6\">\n<li>L&rsquo;Usuari \u00e9s responsable del pagament de tots els costos o despeses en qu\u00e8 incorris com a resultat de descarregar i fer servir l&rsquo;Aplicaci\u00f3 de GASOPAS FIDELITY, incl\u00f2s qualsevol c\u00e0rrec de xarxa d&rsquo;operador o itiner\u00e0ncia. Consulta amb el teu prove\u00efdor de serveis els detalls sobre aix\u00f2. <\/li>\n<\/ol>\n<ol style=\"text-align: justify;\" start=\"7\">\n<li>No poden accedir als serveis de GASOPAS FIDELITY els menors de 16 anys o que tinguin limitada la capacitat d&rsquo;obrar. En registrar-se a GASOPAS FIDELITY manifesta complir aquests requisits. <\/li>\n<\/ol>\n<p style=\"text-align: justify;\">La compra de productes requereix el registre com a usuari de l\u2019aplicaci\u00f3, de manera que se sol\u00b7licitar\u00e0 un identificador i una contrasenya que permeti la identificaci\u00f3 de l&rsquo;usuari.<\/p>\n<p style=\"text-align: justify;\">L&rsquo;usuari es podr\u00e0 donar de baixa en qualsevol moment mitjan\u00e7ant sol\u00b7licitud emesa a GASOPAS,SA.<\/p>\n<ol style=\"text-align: justify;\" start=\"8\">\n<li>Estad\u00edstiques an\u00f2nimes: GASOPAS,SA. es reserva el dret a fer un seguiment de la teva activitat a l&rsquo;APP de informar-ne els nostres prove\u00efdors de serveis estad\u00edstics de tercers. Tot aix\u00f2 de forma an\u00f2nima.  <\/li>\n<\/ol>\n<ol style=\"text-align: justify;\" start=\"9\">\n<li>Queda prohibit d&rsquo;alterar o modificar cap part de l&rsquo;APP a les contingudes, eludir, desactivar o manipular de qualsevol altra forma (o tractar d&rsquo;eludir, desactivar o manipular) les funcions de seguretat o altres funcions del programa i utilitzar l&rsquo;APP o els seus continguts per a una finalitat comercial o publicit\u00e0ria. Queda prohibit l&rsquo;\u00fas de l&rsquo;APP amb la finalitat de lesionar b\u00e9ns, drets o interessos de GASOPAS,SA. o de tercers. Queda igualment prohibit realitzar qualsevol altre \u00fas que alteri, danyi o inutilitzi les xarxes, servidors, equips, productes i programes inform\u00e0tics de GASOPAS,SA. o de tercers.    <\/li>\n<\/ol>\n<ol style=\"text-align: justify;\" start=\"10\">\n<li>El contingut de l&rsquo;APP (textos, fotografies, gr\u00e0fics, imatges, tecnologia, programari, links, continguts, disseny gr\u00e0fic, codi font, etc.), aix\u00ed com les marques i altres signes distintius s\u00f3n propietat de GASOPAS,SA. o de tercers, no adquirint l&rsquo;usuari cap dret sobre ells pel simple \u00fas de l&rsquo;APP. L&rsquo;usuari haur\u00e0 d&rsquo;abstenir-se de:a. Reproduir, copiar, distribuir, posar a disposici\u00f3 de tercers, comunicar p\u00fablicament, transformar o modificar l&rsquo;APP o els seus continguts, llevat dels casos contemplats a la llei o expressament autoritzats per GASOPAS,SA. o pel titular dels drets esmentats.\n<p>b. Reproduir o copiar per a \u00fas privat l&rsquo;APP o els seus continguts, aix\u00ed com comunicar-los p\u00fablicament o posar-los a disposici\u00f3 de tercers quan aix\u00f2 en comporti la reproducci\u00f3. <\/p>\n<p>c. Extreure o reutilitzar tot o part substancial dels continguts integrants de l&rsquo;APP. <\/li>\n<\/ol>\n<ol style=\"text-align: justify;\" start=\"8\">\n<li>Amb subjecci\u00f3 a les condicions establertes a l&rsquo;apartat anterior, GASOPAS, SA. concedeix a l&rsquo;usuari una llic\u00e8ncia d&rsquo;\u00fas de l&rsquo;APP, no exclusiva, gratu\u00efta, per a \u00fas personal, circumscrita al territori nacional i amb car\u00e0cter indefinit. Aquesta llic\u00e8ncia es concedeix tamb\u00e9 en els mateixos termes pel que fa a les actualitzacions i millores que es realitzessin a l&rsquo;aplicaci\u00f3. Aquestes llic\u00e8ncies d\u2019\u00fas podran ser revocades per GASOPAS,SA. unilateralment en qualsevol moment, mitjan\u00e7ant la mera notificaci\u00f3 a l\u2019usuari.    <\/li>\n<\/ol>\n<ol style=\"text-align: justify;\" start=\"9\">\n<li>Correspon a l&rsquo;usuari, en tot cas, disposar d&rsquo;eines adequades per a la detecci\u00f3 i desinfecci\u00f3 de programes maliciosos o qualsevol altre element inform\u00e0tic nociu. GASOPAS, SA. no es responsabilitza dels danys produ\u00efts a equips inform\u00e0tics durant l&rsquo;\u00fas de l&rsquo;APP. Igualment, GASOPAS,SA. no ser\u00e0 responsable dels danys produ\u00efts als Usuaris quan aquests danys tinguin el seu origen en fallades o desconnexions a les xarxes de telecomunicacions que interrompin el servei.    <\/li>\n<\/ol>\n<ol style=\"text-align: justify;\" start=\"11\">\n<li>GASOPAS FIDELITY , compta amb els serveis seg\u00fcents:a. Visualitzaci\u00f3 d&rsquo;un mapa amb la xarxa de les EESS: des de l&rsquo;aplicaci\u00f3 tindreu acc\u00e9s a la informaci\u00f3 d&rsquo;ubicaci\u00f3, serveis, horaris, m\u00e8todes de comunicaci\u00f3 i preus de totes les nostres instal\u00b7lacions.\n<p>b. Targeter virtual: Identificaci\u00f3 amb dispositiu m\u00f2bil per al subministrament i\/o adquisici\u00f3 de carburant, electricitat o altres serveis. <\/p>\n<p>c. Comptador virtual: Visi\u00f3 i \u00fas en terminals de pagament dels cupons que tingui disponibles al vostre compte d&rsquo;usuari com ara xecs devoluci\u00f3 o cupons promocionals. <\/p>\n<p>d. Visualitzaci\u00f3 de dades: Disposa de la possibilitat de visualitzar les dades que tenim registrades de vost\u00e8 per al possible tractament. <\/p>\n<p>e. Safata d&rsquo;entrada de missatges: Disposa d&rsquo;una safata d&rsquo;entrada de missatges on podeu desar i gestionar totes les comunicacions que us fem arribar. <\/p>\n<p>f. Gestor de compres: Disposareu d&rsquo;un espai destinat a veure les vostres compres i\/o factures. <\/p>\n<p>g. Possibilitat de registre: Si no sou client de la nostra empresa, disposareu de la possibilitat de donar-vos d&rsquo;alta per comen\u00e7ar a gaudir de tots els avantatges que us oferim. <\/li>\n<\/ol>\n<p style=\"text-align: justify;\">L&rsquo;aplicaci\u00f3 permet la identificaci\u00f3 i l\u2019\u00fas de cupons als terminals de pagament de les estacions de servei de GASOPAS,SA.<\/p>\n<p style=\"text-align: justify;\">L&rsquo;usuari manifesta mitjan\u00e7ant l&rsquo;acceptaci\u00f3 de les presents Condicions que \u00e9s titular de la targeta, aix\u00ed com declara que aquesta targeta \u00e9s v\u00e0lida i est\u00e0 vigent i sota el seu control.<\/p>\n<p style=\"text-align: justify;\">Aix\u00ed mateix, declara que no consta a cap llista negra de cap entitat banc\u00e0ria. L&rsquo;\u00fas d&rsquo;una targeta que no sigui de la seva titularitat es considerar\u00e0 \u00fas fraudulent, i ser\u00e0 responsable davant del titular de la targeta, i davant de tercers, de les conseq\u00fc\u00e8ncies que se&rsquo;n derivin i garantint la indemnitat de GASOPAS,SA. en aquest sentit.<\/p>\n<p style=\"text-align: justify;\">L&rsquo;usuari es compromet a utilitzar l&rsquo;aplicaci\u00f3, els continguts i serveis de conformitat amb la normativa vigent, les presents Condicions i les condicions de seguretat que se li puguin comunicar a cada Estaci\u00f3 de Servei.<\/p>\n<ol style=\"text-align: justify;\" start=\"12\">\n<li>Per garantir la seguretat en les operacions de pagament, se sol\u00b7licitar\u00e0 una autoritzaci\u00f3 per a cada Compra que l&rsquo;usuari efectu\u00ef i no s&rsquo;atorgar\u00e0 fins que no introdueixi el codi de seguretat que valida la transacci\u00f3.<\/li>\n<\/ol>\n<p style=\"text-align: justify;\">Una vegada introdu\u00eft el codi de seguretat i acceptada la transacci\u00f3 no es podr\u00e0 revocar l&rsquo; operaci\u00f3 de pagament, autoritzant expressament el c\u00e0rrec en el seu compte de l&rsquo; import corresponent a la Compra realitzada, inclosos els impostos.<\/p>\n<p style=\"text-align: justify;\">El codi de seguretat \u00e9s part de la seva responsabilitat, de manera que l&rsquo;ha de custodiar diligentment, mantenir-lo en secret i evitar-ne l&rsquo;acc\u00e9s de tercers. Quan es realitzi una Compra des del seu compte d&rsquo;usuari i amb el seu codi de seguretat nosaltres entendrem que ha estat vost\u00e8 qui ha autoritzat aquesta Compra de manera que no es podran revocar aquestes transaccions.<\/p>\n<p style=\"text-align: justify;\">Com a usuari accepta que es carregui en el seu compte l&rsquo;import corresponent a la Compra, inclosos els impostos, i aix\u00ed mateix que es comparteixi la informaci\u00f3 del seu mitj\u00e0 de pagament amb tercers en la mesura que sigui necessari per processar el pagament i emetre la factura en cas que aix\u00ed ho sol\u00b7liciti.<\/p>\n<p style=\"text-align: justify;\">13. Totes les dades personals que GASOPAS FIDELITY recopili de l&rsquo;usuari seran processats d&rsquo;acord amb la Pol\u00edtica de Privacitat i la normativa vigent de protecci\u00f3 de dades personals, segons la Llei 29 2021, del 28 d\u2019octubre, qualificada de protecci\u00f3 de dades personals del Principat d\u2019Andorra.<\/p>\n<p style=\"text-align: justify;\">14. Aquests Termes i Condicions d&rsquo;\u00fas es regeixen \u00edntegrament per la legislaci\u00f3 andorrana. Per a la resoluci\u00f3 de qualsevol conflicte relatiu a la seva interpretaci\u00f3 o aplicaci\u00f3, l&rsquo;usuari se sotmet expressament a la jurisdicci\u00f3 dels tribunals andorrans.<\/p>\n<p style=\"text-align: justify;\">15. Els presents Termes i Condicions podran ser modificats en qualsevol moment sense avisar, totalment o parcialment. Si continua utilitzant l&rsquo;aplicaci\u00f3 una vegada realitzada qualsevol modificaci\u00f3 en aquestes Condicions d&rsquo;\u00fas, aquesta utilitzaci\u00f3 continuada constituir\u00e0 l&rsquo;acceptaci\u00f3 per la teva part d&rsquo;aquestes modificacions. Si vost\u00e8 no accepta aquestes condicions d&rsquo;\u00fas ni accepta quedar-hi subjecte, no ha d&rsquo;utilitzar l&rsquo;aplicaci\u00f3. L&rsquo;\u00fas que faci de l&rsquo;aplicaci\u00f3 queda sota la seva \u00fanica responsabilitat.<\/p>\n<p style=\"text-align: justify;\">L&rsquo;usuari es compromet a fer un \u00fas correcte de l&rsquo;APP, de conformitat amb la Llei, amb els presents Termes i Condicions d&rsquo;\u00das i amb els altres reglaments i instruccions que, en el seu cas, poguessin ser d&rsquo;aplicaci\u00f3.<\/p>\n<p style=\"text-align: justify;\">L&rsquo;usuari respondr\u00e0 davant GASOPAS, SA. i enfront de tercers dels danys i\/o perjudicis que es poguessin causar per incompliment d&rsquo;aquestes obligacions.<\/p>\n[\/vc_column_text][\/vc_column][\/vc_row]\n","protected":false},"excerpt":{"rendered":"<p>[vc_row type=\u00a0\u00bbin_container\u00a0\u00bb full_screen_row_position=\u00a0\u00bbmiddle\u00a0\u00bb column_margin=\u00a0\u00bbdefault\u00a0\u00bb column_direction=\u00a0\u00bbdefault\u00a0\u00bb column_direction_tablet=\u00a0\u00bbdefault\u00a0\u00bb column_direction_phone=\u00a0\u00bbdefault\u00a0\u00bb scene_position=\u00a0\u00bbcenter\u00a0\u00bb text_color=\u00a0\u00bbdark\u00a0\u00bb text_align=\u00a0\u00bbleft\u00a0\u00bb row_border_radius=\u00a0\u00bbnone\u00a0\u00bb row_border_radius_applies=\u00a0\u00bbbg\u00a0\u00bb overflow=\u00a0\u00bbvisible\u00a0\u00bb overlay_strength=\u00a0\u00bb0.3&Prime; gradient_direction=\u00a0\u00bbleft_to_right\u00a0\u00bb shape_divider_position=\u00a0\u00bbbottom\u00a0\u00bb bg_image_animation=\u00a0\u00bbnone\u00a0\u00bb][vc_column column_padding=\u00a0\u00bbno-extra-padding\u00a0\u00bb column_padding_tablet=\u00a0\u00bbinherit\u00a0\u00bb column_padding_phone=\u00a0\u00bbinherit\u00a0\u00bb column_padding_position=\u00a0\u00bball\u00a0\u00bb column_element_direction_desktop=\u00a0\u00bbdefault\u00a0\u00bb column_element_spacing=\u00a0\u00bbdefault\u00a0\u00bb desktop_text_alignment=\u00a0\u00bbdefault\u00a0\u00bb tablet_text_alignment=\u00a0\u00bbdefault\u00a0\u00bb&#8230;<\/p>\n","protected":false},"author":1,"featured_media":0,"parent":0,"menu_order":0,"comment_status":"closed","ping_status":"closed","template":"","meta":{"footnotes":""},"class_list":["post-7442","page","type-page","status-publish"],"_links":{"self":[{"href":"https:\/\/www.gasopas.ad\/fr\/wp-json\/wp\/v2\/pages\/7442","targetHints":{"allow":["GET"]}}],"collection":[{"href":"https:\/\/www.gasopas.ad\/fr\/wp-json\/wp\/v2\/pages"}],"about":[{"href":"https:\/\/www.gasopas.ad\/fr\/wp-json\/wp\/v2\/types\/page"}],"author":[{"embeddable":true,"href":"https:\/\/www.gasopas.ad\/fr\/wp-json\/wp\/v2\/users\/1"}],"replies":[{"embeddable":true,"href":"https:\/\/www.gasopas.ad\/fr\/wp-json\/wp\/v2\/comments?post=7442"}],"version-history":[{"count":3,"href":"https:\/\/www.gasopas.ad\/fr\/wp-json\/wp\/v2\/pages\/7442\/revisions"}],"predecessor-version":[{"id":7454,"href":"https:\/\/www.gasopas.ad\/fr\/wp-json\/wp\/v2\/pages\/7442\/revisions\/7454"}],"wp:attachment":[{"href":"https:\/\/www.gasopas.ad\/fr\/wp-json\/wp\/v2\/media?parent=7442"}],"curies":[{"name":"wp","href":"https:\/\/api.w.org\/{rel}","templated":true}]}}